{"id":29,"date":"2022-07-27T18:49:48","date_gmt":"2022-07-27T21:49:48","guid":{"rendered":"https:\/\/cirs.fcecon.unr.edu.ar\/?page_id=29"},"modified":"2022-10-14T10:38:00","modified_gmt":"2022-10-14T13:38:00","slug":"inscripcion","status":"publish","type":"page","link":"https:\/\/cirs.fcecon.unr.edu.ar\/?page_id=29","title":{"rendered":"Inscripci\u00f3n"},"content":{"rendered":"\n<p><strong>Dirigido a:<\/strong><\/p>\n\n\n\n<ul class=\"wp-block-list\"><li>Docentes e investigadores en el \u00c1rea de Responsabilidad Social<\/li><li>Estudiantes<\/li><li>P\u00fablico en general interesado en la tem\u00e1tica<\/li><\/ul>\n\n\n\n<p><strong>Costos:<\/strong><\/p>\n\n\n\n<p><strong>Costos (incluye inscripci\u00f3n al evento en forma presencial o virtual):<\/strong><\/p>\n\n\n\n<ul class=\"wp-block-list\"><li><strong>Nacionales hasta el 24\/10\/2022 $3.000 \/\/ del 25\/10\/2022 al 09\/11\/2022 $4.000<\/strong><\/li><li><strong>Extranjeros hasta el 24\/10\/2022 U$D 15 \/\/ del 25\/10\/2022 al 09\/11\/2022 U$D 20<\/strong><\/li><\/ul>\n\n\n\n<p><strong>Nacionales<\/strong>: <\/p>\n\n\n\n<p><strong>Cuentas Corrientes Asoc. Coop. Fac. Cs. Economicas y Estad\u00edstica:<\/strong><\/p>\n\n\n\n<p>CUIT: 30-67753295-1<\/p>\n\n\n\n<p><strong>BANCO MACRO SA<\/strong><\/p>\n\n\n\n<p>SUCURSAL N\u00ba175 &#8211; ROSARIO<\/p>\n\n\n\n<p>CUENTA CORRIENTE EN PESOS N\u00ba: 3-720-0000004850-3<\/p>\n\n\n\n<p>CBU: 2850720230000000485033<\/p>\n\n\n\n<p><\/p>\n\n\n\n<p><strong>BANCO MUNICIPAL DE ROSARIO<\/strong><\/p>\n\n\n\n<p>SUCURSAL N\u00ba20 &#8211; CASA CENTRAL<\/p>\n\n\n\n<p>CUENTA CORRIENTE EN PESOS N\u00ba: 5921\/9<\/p>\n\n\n\n<p>CBU: 06500207 01000000592193<\/p>\n\n\n\n<p><\/p>\n\n\n\n<p><strong><mark style=\"background-color:#abb8c3\" class=\"has-inline-color has-black-color\">Importante:<\/mark><\/strong><\/p>\n\n\n\n<p>Una vez realizada la transferencia bancaria o dep\u00f3sito, por favor env\u00ede el comprobante correspondiente v\u00eda mail a la siguiente direcci\u00f3n:<\/p>\n\n\n\n<p>cobranzas-cooperadora@fcecon.unr.edu.ar y <a href=\"mailto:Congreso2022@fcecon.unr.edu.ar\">congresorso2022@fcecon.unr.edu.ar<\/a><\/p>\n\n\n\n<p><\/p>\n\n\n\n<p><strong>Extranjeros:<\/strong><\/p>\n\n\n\n<p>Si un ordenante del exterior desea enviar una transferencia de fondos hacia un beneficiario en Argentina, deber\u00e1 informar al Banco remitente los datos requeridos mas abajo para evitar las posibles demoras o extrav\u00edos y poder brindarle una mayor eficiencia en su recepci\u00f3n.<\/p>\n\n\n\n<p><strong><em>SI LA OPERACI\u00d3N SE REALIZA EN D\u00d3LARES ESTADOUNIDENSES<\/em><\/strong><\/p>\n\n\n\n<p><strong>DATOS DEL ORDENANTE<\/strong> (Ordering Customer) Field 50<\/p>\n\n\n\n<p>Nombre completo o denominaci\u00f3n social (Name)<\/p>\n\n\n\n<p>Domicilio &#8211; Tel\u00e9fono (Address- Telephone)<\/p>\n\n\n\n<p>Localidad &#8211; Provincia (country &#8211; State)<\/p>\n\n\n\n<p>N\u00famero de identidad nacional o CUIT (Identification number)<\/p>\n\n\n\n<p>N\u00famero de identificaci\u00f3n del cliente en la entidad ordenante (Identification\/Account number)<\/p>\n\n\n\n<p><\/p>\n\n\n\n<p><strong>BANCO CORRESPONSAL<\/strong> (Beneficiary\u00b4s Correspondent Bank): Field 54<\/p>\n\n\n\n<p>Banco de la Naci\u00f3n Argentina &#8211; New York &#8211; USA<\/p>\n\n\n\n<p>Direcci\u00f3n: 225 Parl Ave &#8211; 3 Floor &#8211; NY &#8211; 10169<\/p>\n\n\n\n<p>C\u00f3digo SWIFT: <em>NACNUS33<\/em> &#8211; ABBA:<em> 026008552<\/em><\/p>\n\n\n\n<p><\/p>\n\n\n\n<p><strong>BANCO BENEFICIARIO<\/strong> (Beneficiary\u00b4s Bank): Field 57<\/p>\n\n\n\n<p>Banco Municipal de Rosario<\/p>\n\n\n\n<p>C\u00f3digo SWIFT: <em>MUNRARBR<\/em><\/p>\n\n\n\n<p>Direcci\u00f3n: San Mart\u00edn 730 CP. 2000<\/p>\n\n\n\n<p>Rosario, Argentina<\/p>\n\n\n\n<p><\/p>\n\n\n\n<p><strong>DATOS DEL BENEFICIARIO<\/strong> (Beneficiary\u00b4s Customer) Field 59<\/p>\n\n\n\n<p>Nombre completo o denominaci\u00f3n social (Name)<\/p>\n\n\n\n<p>Domicilio &#8211; Tel\u00e9fono (Address- Telephone)<\/p>\n\n\n\n<p>Localidad &#8211; Provincia (country &#8211; State)<\/p>\n\n\n\n<p>N\u00famero de cuenta (Beneficiary\u00b4s Account)<\/p>\n\n\n\n<p><\/p>\n\n\n\n<p><strong>CONCEPTO DE LA OPERACI\u00d3N<\/strong> (Concept): Field 72<\/p>\n\n\n\n<p><\/p>\n\n\n\n<p><strong>Contacto:<\/strong><\/p>\n\n\n\n<p>comercio.exterior@bmros.com.ar<\/p>\n\n\n\n<p>0341-4205600 interno 255<\/p>\n\n\n\n<p class=\"has-black-color has-text-color\"><\/p>\n\n\n\n<p class=\"has-vivid-cyan-blue-color has-white-background-color has-text-color has-background\" style=\"font-size:25px;font-style:normal;font-weight:700\"><a rel=\"noreferrer noopener\" href=\"https:\/\/docs.google.com\/forms\/d\/e\/1FAIpQLSeM93Bf0M0rsTF2QjYMqCW688DQbENHt3lwcxpaNxSkt8MO1Q\/viewform?vc=0&amp;c=0&amp;w=1&amp;flr=0\" data-type=\"URL\" data-id=\"https:\/\/docs.google.com\/forms\/d\/e\/1FAIpQLSeM93Bf0M0rsTF2QjYMqCW688DQbENHt3lwcxpaNxSkt8MO1Q\/viewform?vc=0&amp;c=0&amp;w=1&amp;flr=0\" target=\"_blank\"><strong>Inscr\u00edbete<\/strong><\/a><a href=\"https:\/\/docs.google.com\/forms\/d\/e\/1FAIpQLSeM93Bf0M0rsTF2QjYMqCW688DQbENHt3lwcxpaNxSkt8MO1Q\/viewform?vc=0&amp;c=0&amp;w=1&amp;flr=0\" data-type=\"URL\" data-id=\"https:\/\/docs.google.com\/forms\/d\/e\/1FAIpQLSeM93Bf0M0rsTF2QjYMqCW688DQbENHt3lwcxpaNxSkt8MO1Q\/viewform?vc=0&amp;c=0&amp;w=1&amp;flr=0\"><strong> <\/strong><\/a><a rel=\"noreferrer noopener\" href=\"https:\/\/docs.google.com\/forms\/d\/e\/1FAIpQLSeM93Bf0M0rsTF2QjYMqCW688DQbENHt3lwcxpaNxSkt8MO1Q\/viewform?vc=0&amp;c=0&amp;w=1&amp;flr=0\" data-type=\"URL\" data-id=\"https:\/\/docs.google.com\/forms\/d\/e\/1FAIpQLSeM93Bf0M0rsTF2QjYMqCW688DQbENHt3lwcxpaNxSkt8MO1Q\/viewform?vc=0&amp;c=0&amp;w=1&amp;flr=0\" target=\"_blank\"><strong>aqu\u00ed<\/strong><\/a><\/p>\n\n\n\n<p><strong>Importante:&nbsp;<\/strong><\/p>\n\n\n\n<ul class=\"wp-block-list\"><li><strong>El comprobante escaneado&nbsp;deber\u00e1 ser enviado al correo electr\u00f3nico:&nbsp;<\/strong><a href=\"mailto:Congreso2022@fcecon.unr.edu.ar\">c<\/a><a href=\"mailto:Congreso2022@fcecon.unr.edu.ar\">ongresorso2022@fcecon.unr.edu.ar<\/a><strong>&nbsp;<\/strong>con los siguientes datos: nombres, apellidos,&nbsp;raz\u00f3n social, c\u00e9dula, direcci\u00f3n, ciudad, pais, tel\u00e9fono e email.&nbsp;<\/li><li>Una vez realizada la inscripci\u00f3n y el pago&nbsp;correspondiente se obtiene el certificado de ponente o asistente al evento.<\/li><li>Los autores de las contribuciones seleccionadas ser\u00e1n parte de las publicaciones del Congreso.<\/li><\/ul>\n","protected":false},"excerpt":{"rendered":"<p>Dirigido a: Docentes e investigadores en el \u00c1rea de Responsabilidad Social Estudiantes P\u00fablico en general interesado en la tem\u00e1tica Costos: Costos (incluye inscripci\u00f3n al evento en forma presencial o virtual): Nacionales hasta el 24\/10\/2022 $3.000 \/\/ del 25\/10\/2022 al 09\/11\/2022 $4.000 Extranjeros hasta el 24\/10\/2022 U$D 15 \/\/ del 25\/10\/2022 al 09\/11\/2022 U$D 20 Nacionales: [&hellip;]<\/p>\n","protected":false},"author":2,"featured_media":0,"parent":0,"menu_order":3,"comment_status":"closed","ping_status":"closed","template":"","meta":{"footnotes":""},"class_list":["post-29","page","type-page","status-publish","hentry"],"_links":{"self":[{"href":"https:\/\/cirs.fcecon.unr.edu.ar\/index.php?rest_route=\/wp\/v2\/pages\/29","targetHints":{"allow":["GET"]}}],"collection":[{"href":"https:\/\/cirs.fcecon.unr.edu.ar\/index.php?rest_route=\/wp\/v2\/pages"}],"about":[{"href":"https:\/\/cirs.fcecon.unr.edu.ar\/index.php?rest_route=\/wp\/v2\/types\/page"}],"author":[{"embeddable":true,"href":"https:\/\/cirs.fcecon.unr.edu.ar\/index.php?rest_route=\/wp\/v2\/users\/2"}],"replies":[{"embeddable":true,"href":"https:\/\/cirs.fcecon.unr.edu.ar\/index.php?rest_route=%2Fwp%2Fv2%2Fcomments&post=29"}],"version-history":[{"count":18,"href":"https:\/\/cirs.fcecon.unr.edu.ar\/index.php?rest_route=\/wp\/v2\/pages\/29\/revisions"}],"predecessor-version":[{"id":193,"href":"https:\/\/cirs.fcecon.unr.edu.ar\/index.php?rest_route=\/wp\/v2\/pages\/29\/revisions\/193"}],"wp:attachment":[{"href":"https:\/\/cirs.fcecon.unr.edu.ar\/index.php?rest_route=%2Fwp%2Fv2%2Fmedia&parent=29"}],"curies":[{"name":"wp","href":"https:\/\/api.w.org\/{rel}","templated":true}]}}