{"id":25,"date":"2022-07-27T18:42:50","date_gmt":"2022-07-27T21:42:50","guid":{"rendered":"https:\/\/cirs.fcecon.unr.edu.ar\/?page_id=25"},"modified":"2022-08-22T10:20:15","modified_gmt":"2022-08-22T13:20:15","slug":"comite-organizador","status":"publish","type":"page","link":"https:\/\/cirs.fcecon.unr.edu.ar\/?page_id=25","title":{"rendered":"Comit\u00e9 organizador"},"content":{"rendered":"\n<ul class=\"wp-block-list\"><li>PhD. Julio Hern\u00e1ndez Pajares (Universidad de Piura &#8211; Per\u00fa)<\/li><li>PhD. Juan Pablo del Barco (Universidad Nacional del Litoral &#8211; Argentina)<\/li><li>Mgtr. Luis Jara Sarr\u00faa (Universidad de Chile &#8211; Chile)<\/li><li>Mag. Ana Mar\u00eda Berri (Universidad Nacional de Rosario &#8211; Argentina)<\/li><li>Cont. Carlos Vitta (Universidad Nacional de Rosario &#8211; Argentina)<\/li><li>Cont. Cristian Sejas (Universidad Nacional de Rosario &#8211; Argentina)<\/li><li>Mag. Guillermo Peinado (Universidad Nacional de Rosario &#8211; Argentina)<\/li><li>Mag. Marcela Cavallo (Universidad Nacional de Rosario &#8211; Argentina)<\/li><li>Cont. Mayra Medina (Universidad Nacional de Rosario &#8211; Argentina)<\/li><li>Mag. Jorge Aimaretti (Universidad Nacional de Rosario &#8211; Argentina)<\/li><\/ul>\n","protected":false},"excerpt":{"rendered":"<p>PhD. Julio Hern\u00e1ndez Pajares (Universidad de Piura &#8211; Per\u00fa) PhD. Juan Pablo del Barco (Universidad Nacional del Litoral &#8211; Argentina) Mgtr. Luis Jara Sarr\u00faa (Universidad de Chile &#8211; Chile) Mag. Ana Mar\u00eda Berri (Universidad Nacional de Rosario &#8211; Argentina) Cont. Carlos Vitta (Universidad Nacional de Rosario &#8211; Argentina) Cont. Cristian Sejas (Universidad Nacional de Rosario [&hellip;]<\/p>\n","protected":false},"author":2,"featured_media":0,"parent":0,"menu_order":5,"comment_status":"closed","ping_status":"closed","template":"","meta":{"footnotes":""},"class_list":["post-25","page","type-page","status-publish","hentry"],"_links":{"self":[{"href":"https:\/\/cirs.fcecon.unr.edu.ar\/index.php?rest_route=\/wp\/v2\/pages\/25","targetHints":{"allow":["GET"]}}],"collection":[{"href":"https:\/\/cirs.fcecon.unr.edu.ar\/index.php?rest_route=\/wp\/v2\/pages"}],"about":[{"href":"https:\/\/cirs.fcecon.unr.edu.ar\/index.php?rest_route=\/wp\/v2\/types\/page"}],"author":[{"embeddable":true,"href":"https:\/\/cirs.fcecon.unr.edu.ar\/index.php?rest_route=\/wp\/v2\/users\/2"}],"replies":[{"embeddable":true,"href":"https:\/\/cirs.fcecon.unr.edu.ar\/index.php?rest_route=%2Fwp%2Fv2%2Fcomments&post=25"}],"version-history":[{"count":4,"href":"https:\/\/cirs.fcecon.unr.edu.ar\/index.php?rest_route=\/wp\/v2\/pages\/25\/revisions"}],"predecessor-version":[{"id":90,"href":"https:\/\/cirs.fcecon.unr.edu.ar\/index.php?rest_route=\/wp\/v2\/pages\/25\/revisions\/90"}],"wp:attachment":[{"href":"https:\/\/cirs.fcecon.unr.edu.ar\/index.php?rest_route=%2Fwp%2Fv2%2Fmedia&parent=25"}],"curies":[{"name":"wp","href":"https:\/\/api.w.org\/{rel}","templated":true}]}}